{"id":5,"date":"2021-04-11T18:18:11","date_gmt":"2021-04-11T18:18:11","guid":{"rendered":"http:\/\/www.antreanpullit.fi\/?page_id=5"},"modified":"2021-04-11T20:22:01","modified_gmt":"2021-04-11T20:22:01","slug":"luo-sivustosi-lohkoilla","status":"publish","type":"page","link":"https:\/\/www.antreanpullit.fi\/","title":{"rendered":"Etusivu"},"content":{"rendered":"\n<div class=\"wp-block-columns alignwide are-vertically-aligned-center is-style-twentytwentyone-columns-overlap is-layout-flex wp-container-core-columns-is-layout-2 wp-block-columns-is-layout-flex\">\n<div class=\"wp-block-column is-layout-flow wp-block-column-is-layout-flow\">\n<div class=\"wp-block-columns is-layout-flex wp-container-core-columns-is-layout-1 wp-block-columns-is-layout-flex\">\n<div class=\"wp-block-column is-layout-flow wp-block-column-is-layout-flow\" style=\"flex-basis:100%\">\n<p class=\"has-black-color has-text-color has-extra-large-font-size\" style=\"line-height:1.6\">Sukuseura Antrean Pullit Ry<\/p>\n<\/div>\n<\/div>\n<\/div>\n<\/div>\n\n\n\n<div class=\"wp-block-group alignwide\"><div class=\"wp-block-group__inner-container is-layout-flow wp-block-group-is-layout-flow\">\n<figure class=\"wp-block-image alignwide size-full\"><img loading=\"lazy\" decoding=\"async\" width=\"1024\" height=\"186\" src=\"https:\/\/www.antreanpullit.fi\/wp-content\/uploads\/2021\/04\/banner5-1024x186-1.png\" alt=\"\" class=\"wp-image-33\" srcset=\"https:\/\/www.antreanpullit.fi\/wp-content\/uploads\/2021\/04\/banner5-1024x186-1.png 1024w, https:\/\/www.antreanpullit.fi\/wp-content\/uploads\/2021\/04\/banner5-1024x186-1-300x54.png 300w, https:\/\/www.antreanpullit.fi\/wp-content\/uploads\/2021\/04\/banner5-1024x186-1-768x140.png 768w\" sizes=\"auto, (max-width: 1024px) 100vw, 1024px\" \/><\/figure>\n\n\n\n<div class=\"wp-block-columns alignwide is-style-default has-white-background-color has-background is-layout-flex wp-container-core-columns-is-layout-3 wp-block-columns-is-layout-flex\">\n<div class=\"wp-block-column is-layout-flow wp-block-column-is-layout-flow\">\n<div class=\"wp-block-image\"><figure class=\"alignleft size-full is-resized\"><img loading=\"lazy\" decoding=\"async\" src=\"https:\/\/www.antreanpullit.fi\/wp-content\/uploads\/2021\/04\/bull.jpg\" alt=\"\" class=\"wp-image-48\" width=\"181\" height=\"167\"\/><\/figure><\/div>\n\n\n\n<p>Sukuseura Antrean Pullit perustettiin sukukokouksessa Pyht\u00e4\u00e4n M\u00e4ntyniemess\u00e4 8.9.2012.<br>Seuran toiminnan tavoitteena on selvitt\u00e4\u00e4 Antrean Pullien suvun vaiheita ja historiaa, vaalia suvun perinteit\u00e4 ja edist\u00e4\u00e4 yhteenkuuluvaisuuden tunnetta j\u00e4sentens\u00e4 keskuudessa muun muassa joka toinen kes\u00e4 pidett\u00e4vien sukukokousten ja muiden tapahtumien avulla.<\/p>\n\n\n\n<p>Sukuseurassa ovat edustettuna Antti Antinpojan j\u00e4lkel\u00e4isi\u00e4 edustavat kolme sukuhaaraa:&nbsp;H\u00e4nnikk\u00e4l\u00e4nniemen, Heinjoen ja Vuoksenrannan sukuhaarat, sek\u00e4 Paakkarilan sukuhaara, joka edustaa&nbsp;sek\u00e4 Antti Antinpojan ett\u00e4 naispuolisen j\u00e4lkel\u00e4isen kautta Jaakko Antinpojan sukuhaara.&nbsp;Juho Antinpojan j\u00e4lkel\u00e4isten saaminen sukuseuraan on seuran l\u00e4hiajan tavoite.<\/p>\n\n\n\n<p><strong>Suku:<\/strong><br>H\u00e4nnikk\u00e4l\u00e4nniemen, Paakkarilan, Vuoksenrannan ja Heinjoen sukuhaarat ovat kaikki Antti Antinpojan pojanpoika Juho Abrahaminpojan j\u00e4lkel\u00e4isi\u00e4 alenevassa polvessa. Juho Abrahaminpojan vanhimman pojan Antin j\u00e4lkel\u00e4iset ovat Vuoksenrannan ja Heinjoen Pulleja, keskimm\u00e4isen pojan Juhon j\u00e4lkel\u00e4iset H\u00e4nnikk\u00e4l\u00e4nniemen Pulleja ja nuorimman pojan Matin j\u00e4lkel\u00e4iset edustavat Paakkarilan Pulleja. Paakkarilan Pullit ovat my\u00f6s Jaakko Antinpojan (s. 1728) j\u00e4lkel\u00e4isi\u00e4 Jaakon pojantytt\u00e4ren Annan Antintytt\u00e4ren kautta. Pullin suku on ollut melko naisvoittoinen ja erityisen paljon naisia n\u00e4ytt\u00e4isi olevan Juho Antinpojan sukuhaarassa. Juho Antinpojan vanhimman pojan Antin suku jatkuu tyt\u00e4r Annan kautta Koljosina, keskimm\u00e4isen pojan Tuomaksen miespuolinen suku sammuu 1877 syntyneen Matti Antinpojan kuolemaan naimattomana 28-vuotiaana vuonna 1905. Tuomas Juhonpojan suku jatkuu tytt\u00e4rien Elinan ja Helenan kautta. Juho Antinpojan nuorimman pojan Johanneksen suku jatkuu pojanpoika Matti Johanneksenpojan tytt\u00e4ren Katrin kautta<\/p>\n<\/div>\n<\/div>\n<\/div><\/div>\n\n\n\n<p><\/p>\n","protected":false},"excerpt":{"rendered":"<p>Sukuseura Antrean Pullit Ry Sukuseura Antrean Pullit perustettiin sukukokouksessa Pyht\u00e4\u00e4n M\u00e4ntyniemess\u00e4 8.9.2012.Seuran toiminnan tavoitteena on selvitt\u00e4\u00e4 Antrean Pullien suvun vaiheita ja historiaa, vaalia suvun perinteit\u00e4 ja edist\u00e4\u00e4 yhteenkuuluvaisuuden tunnetta j\u00e4sentens\u00e4 keskuudessa muun muassa joka toinen kes\u00e4 pidett\u00e4vien sukukokousten ja muiden tapahtumien avulla. Sukuseurassa ovat edustettuna Antti Antinpojan j\u00e4lkel\u00e4isi\u00e4 edustavat kolme sukuhaaraa:&nbsp;H\u00e4nnikk\u00e4l\u00e4nniemen, Heinjoen ja Vuoksenrannan sukuhaarat,&hellip; <a class=\"more-link\" href=\"https:\/\/www.antreanpullit.fi\/\">Jatka lukemista <span class=\"screen-reader-text\">Etusivu<\/span><\/a><\/p>\n","protected":false},"author":2,"featured_media":0,"parent":0,"menu_order":0,"comment_status":"closed","ping_status":"closed","template":"","meta":{"footnotes":""},"class_list":["post-5","page","type-page","status-publish","hentry","entry"],"_links":{"self":[{"href":"https:\/\/www.antreanpullit.fi\/index.php\/wp-json\/wp\/v2\/pages\/5","targetHints":{"allow":["GET"]}}],"collection":[{"href":"https:\/\/www.antreanpullit.fi\/index.php\/wp-json\/wp\/v2\/pages"}],"about":[{"href":"https:\/\/www.antreanpullit.fi\/index.php\/wp-json\/wp\/v2\/types\/page"}],"author":[{"embeddable":true,"href":"https:\/\/www.antreanpullit.fi\/index.php\/wp-json\/wp\/v2\/users\/2"}],"replies":[{"embeddable":true,"href":"https:\/\/www.antreanpullit.fi\/index.php\/wp-json\/wp\/v2\/comments?post=5"}],"version-history":[{"count":37,"href":"https:\/\/www.antreanpullit.fi\/index.php\/wp-json\/wp\/v2\/pages\/5\/revisions"}],"predecessor-version":[{"id":84,"href":"https:\/\/www.antreanpullit.fi\/index.php\/wp-json\/wp\/v2\/pages\/5\/revisions\/84"}],"wp:attachment":[{"href":"https:\/\/www.antreanpullit.fi\/index.php\/wp-json\/wp\/v2\/media?parent=5"}],"curies":[{"name":"wp","href":"https:\/\/api.w.org\/{rel}","templated":true}]}}